{"id":3,"date":"2025-07-23T17:59:06","date_gmt":"2025-07-23T08:59:06","guid":{"rendered":"http:\/\/spica-tcg.com"},"modified":"2025-07-23T21:05:30","modified_gmt":"2025-07-23T12:05:30","slug":"privacy-policy","status":"publish","type":"page","link":"https:\/\/spica-tcg.com\/de\/privacy-policy\/","title":{"rendered":"Datenschutzrichtlinie"},"content":{"rendered":"<p>Datum des Inkrafttretens: 23. Juli 2025<\/p>\n\n\n\n<h2 class=\"wp-block-heading\"><strong>1. Von uns erfasste Informationen<\/strong><\/h2>\n\n\n\n<p>\u2013 Name, E-Mail-Adresse, Lieferadresse<br>\u2013 IP-Adresse, Ger\u00e4te-\/Browserinformationen<br>\u2013 Bestell- und Zahlungsverlauf<\/p>\n\n\n\n<h2 class=\"wp-block-heading\"><strong>2. Verwendung von Informationen<\/strong><\/h2>\n\n\n\n<p>\u2013 Bestellungen bearbeiten und ausliefern<br>\u2013 Bereitstellung von Kundensupport<br>\u2013 Verbesserung unserer Website und Servicequalit\u00e4t<\/p>\n\n\n\n<h2 class=\"wp-block-heading\"><strong>3. Speicherung von Informationen<\/strong><\/h2>\n\n\n\n<p>\u2013 Kundendaten werden auf unserer \u00fcber Xserver gehosteten WordPress-Site gespeichert.<br>\u2013 Daten k\u00f6nnen f\u00fcr rechtliche und steuerliche Zwecke gespeichert werden. L\u00f6schungsanfragen k\u00f6nnen aufgrund regulatorischer Verpflichtungen (z. B. Dokumentation der Steuerr\u00fcckerstattung) abgelehnt werden.<\/p>\n\n\n\n<h2 class=\"wp-block-heading\"><strong>4. Cookies &amp; Tracking<\/strong><\/h2>\n\n\n\n<p>Unsere Website verwendet m\u00f6glicherweise Cookies oder Tracking-Tools wie Google Analytics. Benutzer k\u00f6nnen ihre Browsereinstellungen anpassen, um ihre Cookie-Einstellungen zu verwalten.<\/p>\n\n\n\n<h2 class=\"wp-block-heading\"><strong>5. Datenweitergabe<\/strong><\/h2>\n\n\n\n<p>Wir geben Ihre Daten ggf. nur an Dienstleister weiter, die zur Auftragsabwicklung erforderlich sind (z. B. Zahlungs- und Versandunternehmen).<\/p>\n\n\n\n<h2 class=\"wp-block-heading\"><strong>6. Datenzugriff und -\u00e4nderungen<\/strong><\/h2>\n\n\n\n<p>Wir gestatten Benutzern zwar, Korrekturen f\u00fcr ungenaue Daten anzufordern, k\u00f6nnen jedoch L\u00f6schungsanfragen m\u00f6glicherweise nicht nachkommen, wenn die Daten zur Einhaltung gesetzlicher Vorschriften erforderlich sind.<\/p>\n\n\n\n<h2 class=\"wp-block-heading\"><strong>7. Richtlinienaktualisierungen<\/strong><\/h2>\n\n\n\n<p>Wir behalten uns das Recht vor, diese Datenschutzrichtlinie jederzeit zu aktualisieren. Die aktualisierte Richtlinie wird mit dem Datum des Inkrafttretens auf unserer Website ver\u00f6ffentlicht.<\/p>\n\n\n\n<p>Bei Fragen wenden Sie sich bitte an: spica.ecshop@gmail.com<\/p>","protected":false},"excerpt":{"rendered":"<p>Effective Date: July 23, 2025 1. Information We Co&hellip; <\/p>","protected":false},"author":1,"featured_media":0,"parent":0,"menu_order":0,"comment_status":"closed","ping_status":"open","template":"","meta":{"footnotes":""},"class_list":["post-3","page","type-page","status-publish","hentry"],"jetpack_sharing_enabled":true,"_links":{"self":[{"href":"https:\/\/spica-tcg.com\/de\/wp-json\/wp\/v2\/pages\/3","targetHints":{"allow":["GET"]}}],"collection":[{"href":"https:\/\/spica-tcg.com\/de\/wp-json\/wp\/v2\/pages"}],"about":[{"href":"https:\/\/spica-tcg.com\/de\/wp-json\/wp\/v2\/types\/page"}],"author":[{"embeddable":true,"href":"https:\/\/spica-tcg.com\/de\/wp-json\/wp\/v2\/users\/1"}],"replies":[{"embeddable":true,"href":"https:\/\/spica-tcg.com\/de\/wp-json\/wp\/v2\/comments?post=3"}],"version-history":[{"count":5,"href":"https:\/\/spica-tcg.com\/de\/wp-json\/wp\/v2\/pages\/3\/revisions"}],"predecessor-version":[{"id":593,"href":"https:\/\/spica-tcg.com\/de\/wp-json\/wp\/v2\/pages\/3\/revisions\/593"}],"wp:attachment":[{"href":"https:\/\/spica-tcg.com\/de\/wp-json\/wp\/v2\/media?parent=3"}],"curies":[{"name":"wp","href":"https:\/\/api.w.org\/{rel}","templated":true}]}}